{"id":264,"date":"2017-09-13T13:31:19","date_gmt":"2017-09-13T11:31:19","guid":{"rendered":"http:\/\/andalusgp.com\/?page_id=264\/"},"modified":"2017-09-19T09:48:56","modified_gmt":"2017-09-19T07:48:56","slug":"frutas-de-hueso","status":"publish","type":"page","link":"http:\/\/www.andalusgp.com\/es\/productos\/frutas-de-hueso\/","title":{"rendered":"Frutas de hueso"},"content":{"rendered":"<p>[et_pb_section bb_built=\u00bb1&#8243; fullwidth=\u00bboff\u00bb specialty=\u00bboff\u00bb][et_pb_row background_position=\u00bbtop_left\u00bb background_repeat=\u00bbrepeat\u00bb background_size=\u00bbinitial\u00bb][et_pb_column type=\u00bb4_4&#8243;][et_pb_text _builder_version=\u00bb3.0.73&#8243; background_layout=\u00bbdark\u00bb text_orientation=\u00bbleft\u00bb border_style=\u00bbsolid\u00bb background_color=\u00bb#e8902f\u00bb custom_padding=\u00bb15px|15px|15px|15px\u00bb text_font=\u00bb|on|||\u00bb text_font_size=\u00bb18&#8243; module_alignment=\u00bbleft\u00bb]<\/p>\n<p>Calendario de producci\u00f3n de Melocotones<\/p>\n<p>[\/et_pb_text][\/et_pb_column][\/et_pb_row][et_pb_row background_position=\u00bbtop_left\u00bb background_repeat=\u00bbrepeat\u00bb background_size=\u00bbinitial\u00bb][et_pb_column type=\u00bb1_3&#8243;][et_pb_image admin_label=\u00bbMelocotones\u00bb _builder_version=\u00bb3.0.75&#8243; src=\u00bbhttp:\/\/andalusgp.com\/wp-content\/uploads\/2017\/08\/productos-melocotones.jpg\u00bb show_in_lightbox=\u00bboff\u00bb url_new_window=\u00bboff\u00bb use_overlay=\u00bboff\u00bb sticky=\u00bboff\u00bb align=\u00bbleft\u00bb always_center_on_mobile=\u00bbon\u00bb border_style=\u00bbsolid\u00bb force_fullwidth=\u00bboff\u00bb show_bottom_space=\u00bbon\u00bb \/][\/et_pb_column][et_pb_column type=\u00bb2_3&#8243;][et_pb_divider _builder_version=\u00bb3.0.73&#8243; divider_style=\u00bbsolid\u00bb divider_position=\u00bbtop\u00bb height=\u00bb150&#8243; hide_on_mobile=\u00bbon\u00bb disabled=\u00bboff\u00bb disabled_on=\u00bbon|on|\u00bb \/][et_pb_image _builder_version=\u00bb3.0.75&#8243; src=\u00bbhttp:\/\/andalusgp.com\/wp-content\/uploads\/2017\/09\/calendario-produccion-melocoton.png\u00bb show_in_lightbox=\u00bboff\u00bb url_new_window=\u00bboff\u00bb use_overlay=\u00bboff\u00bb sticky=\u00bboff\u00bb align=\u00bbcenter\u00bb always_center_on_mobile=\u00bbon\u00bb border_style=\u00bbsolid\u00bb force_fullwidth=\u00bboff\u00bb show_bottom_space=\u00bbon\u00bb \/][\/et_pb_column][\/et_pb_row][et_pb_row background_position=\u00bbtop_left\u00bb background_repeat=\u00bbrepeat\u00bb background_size=\u00bbinitial\u00bb][et_pb_column type=\u00bb4_4&#8243;][et_pb_divider _builder_version=\u00bb3.0.75&#8243; show_divider=\u00bbon\u00bb color=\u00bb#f3f3f3&#8243; divider_style=\u00bbsolid\u00bb divider_position=\u00bbtop\u00bb hide_on_mobile=\u00bbon\u00bb disabled_on=\u00bboff|off|off\u00bb disabled=\u00bboff\u00bb \/][\/et_pb_column][\/et_pb_row][et_pb_row background_position=\u00bbtop_left\u00bb background_repeat=\u00bbrepeat\u00bb background_size=\u00bbinitial\u00bb][et_pb_column type=\u00bb4_4&#8243;][et_pb_text _builder_version=\u00bb3.0.75&#8243; background_layout=\u00bbdark\u00bb border_style=\u00bbsolid\u00bb background_color=\u00bb#e8902f\u00bb custom_padding=\u00bb15px|15px|15px|15px\u00bb text_font=\u00bb|on|||\u00bb text_font_size=\u00bb18&#8243; module_alignment=\u00bbleft\u00bb]<\/p>\n<p id=\"calendario-paraguayos\">Calendario de producci\u00f3n de Paraguayos<\/p>\n<p>[\/et_pb_text][\/et_pb_column][\/et_pb_row][et_pb_row background_position=\u00bbtop_left\u00bb background_repeat=\u00bbrepeat\u00bb background_size=\u00bbinitial\u00bb][et_pb_column type=\u00bb1_3&#8243;][et_pb_image admin_label=\u00bbParaguayo\u00bb _builder_version=\u00bb3.0.75&#8243; src=\u00bbhttp:\/\/andalusgp.com\/wp-content\/uploads\/2017\/08\/productos-paraguayos.jpg\u00bb show_in_lightbox=\u00bboff\u00bb url_new_window=\u00bboff\u00bb use_overlay=\u00bboff\u00bb sticky=\u00bboff\u00bb align=\u00bbleft\u00bb always_center_on_mobile=\u00bbon\u00bb border_style=\u00bbsolid\u00bb force_fullwidth=\u00bboff\u00bb show_bottom_space=\u00bbon\u00bb \/][\/et_pb_column][et_pb_column type=\u00bb2_3&#8243;][et_pb_divider _builder_version=\u00bb3.0.73&#8243; divider_style=\u00bbsolid\u00bb divider_position=\u00bbtop\u00bb height=\u00bb150&#8243; hide_on_mobile=\u00bbon\u00bb disabled=\u00bboff\u00bb disabled_on=\u00bbon|on|\u00bb \/][et_pb_image _builder_version=\u00bb3.0.75&#8243; src=\u00bbhttp:\/\/andalusgp.com\/wp-content\/uploads\/2017\/09\/calendario-produccion-paraguayo.png\u00bb show_in_lightbox=\u00bboff\u00bb url_new_window=\u00bboff\u00bb use_overlay=\u00bboff\u00bb sticky=\u00bboff\u00bb align=\u00bbcenter\u00bb always_center_on_mobile=\u00bbon\u00bb border_style=\u00bbsolid\u00bb force_fullwidth=\u00bboff\u00bb show_bottom_space=\u00bbon\u00bb \/][\/et_pb_column][\/et_pb_row][et_pb_row background_position=\u00bbtop_left\u00bb background_repeat=\u00bbrepeat\u00bb background_size=\u00bbinitial\u00bb][et_pb_column type=\u00bb4_4&#8243;][et_pb_divider _builder_version=\u00bb3.0.75&#8243; show_divider=\u00bbon\u00bb color=\u00bb#f3f3f3&#8243; divider_style=\u00bbsolid\u00bb divider_position=\u00bbtop\u00bb hide_on_mobile=\u00bbon\u00bb disabled_on=\u00bboff|off|off\u00bb disabled=\u00bboff\u00bb \/][\/et_pb_column][\/et_pb_row][et_pb_row background_position=\u00bbtop_left\u00bb background_repeat=\u00bbrepeat\u00bb background_size=\u00bbinitial\u00bb][et_pb_column type=\u00bb4_4&#8243;][et_pb_text _builder_version=\u00bb3.0.75&#8243; background_layout=\u00bbdark\u00bb border_style=\u00bbsolid\u00bb background_color=\u00bb#e8902f\u00bb custom_padding=\u00bb15px|15px|15px|15px\u00bb text_font=\u00bb|on|||\u00bb text_font_size=\u00bb18&#8243; module_alignment=\u00bbleft\u00bb]<\/p>\n<p id=\"calendario-ciruelas\">Calendario de producci\u00f3n de Ciruelas<\/p>\n<p>[\/et_pb_text][\/et_pb_column][\/et_pb_row][et_pb_row background_position=\u00bbtop_left\u00bb background_repeat=\u00bbrepeat\u00bb background_size=\u00bbinitial\u00bb][et_pb_column type=\u00bb1_3&#8243;][et_pb_image admin_label=\u00bbCiruelas\u00bb _builder_version=\u00bb3.0.75&#8243; src=\u00bbhttp:\/\/andalusgp.com\/wp-content\/uploads\/2017\/08\/ciruelas.jpg\u00bb show_in_lightbox=\u00bboff\u00bb url_new_window=\u00bboff\u00bb use_overlay=\u00bboff\u00bb sticky=\u00bboff\u00bb align=\u00bbleft\u00bb always_center_on_mobile=\u00bbon\u00bb border_style=\u00bbsolid\u00bb force_fullwidth=\u00bboff\u00bb show_bottom_space=\u00bbon\u00bb \/][\/et_pb_column][et_pb_column type=\u00bb2_3&#8243;][et_pb_divider _builder_version=\u00bb3.0.73&#8243; divider_style=\u00bbsolid\u00bb divider_position=\u00bbtop\u00bb height=\u00bb150&#8243; hide_on_mobile=\u00bbon\u00bb disabled=\u00bboff\u00bb disabled_on=\u00bbon|on|\u00bb \/][et_pb_image _builder_version=\u00bb3.0.75&#8243; src=\u00bbhttp:\/\/andalusgp.com\/wp-content\/uploads\/2017\/09\/calendario-produccion-cirue.png\u00bb show_in_lightbox=\u00bboff\u00bb url_new_window=\u00bboff\u00bb use_overlay=\u00bboff\u00bb sticky=\u00bboff\u00bb align=\u00bbcenter\u00bb always_center_on_mobile=\u00bbon\u00bb border_style=\u00bbsolid\u00bb force_fullwidth=\u00bboff\u00bb show_bottom_space=\u00bbon\u00bb \/][\/et_pb_column][\/et_pb_row][et_pb_row background_position=\u00bbtop_left\u00bb background_repeat=\u00bbrepeat\u00bb background_size=\u00bbinitial\u00bb][et_pb_column type=\u00bb4_4&#8243;][et_pb_divider _builder_version=\u00bb3.0.75&#8243; show_divider=\u00bbon\u00bb color=\u00bb#f3f3f3&#8243; divider_style=\u00bbsolid\u00bb divider_position=\u00bbtop\u00bb hide_on_mobile=\u00bbon\u00bb disabled_on=\u00bboff|off|off\u00bb disabled=\u00bboff\u00bb \/][\/et_pb_column][\/et_pb_row][et_pb_row background_position=\u00bbtop_left\u00bb background_repeat=\u00bbrepeat\u00bb background_size=\u00bbinitial\u00bb][et_pb_column type=\u00bb4_4&#8243;][et_pb_text _builder_version=\u00bb3.0.75&#8243; background_layout=\u00bbdark\u00bb border_style=\u00bbsolid\u00bb background_color=\u00bb#e8902f\u00bb custom_padding=\u00bb15px|15px|15px|15px\u00bb text_font=\u00bb|on|||\u00bb text_font_size=\u00bb18&#8243; module_alignment=\u00bbleft\u00bb]<\/p>\n<p id=\"calendario-nectarinas\">Calendario de producci\u00f3n de Nectarinas<\/p>\n<p>[\/et_pb_text][\/et_pb_column][\/et_pb_row][et_pb_row background_position=\u00bbtop_left\u00bb background_repeat=\u00bbrepeat\u00bb background_size=\u00bbinitial\u00bb][et_pb_column type=\u00bb1_3&#8243;][et_pb_image admin_label=\u00bbNectarinas\u00bb _builder_version=\u00bb3.0.75&#8243; src=\u00bbhttp:\/\/andalusgp.com\/wp-content\/uploads\/2017\/08\/nectarinas.jpg\u00bb show_in_lightbox=\u00bboff\u00bb url_new_window=\u00bboff\u00bb use_overlay=\u00bboff\u00bb sticky=\u00bboff\u00bb align=\u00bbleft\u00bb always_center_on_mobile=\u00bbon\u00bb border_style=\u00bbsolid\u00bb force_fullwidth=\u00bboff\u00bb show_bottom_space=\u00bbon\u00bb \/][\/et_pb_column][et_pb_column type=\u00bb2_3&#8243;][et_pb_divider _builder_version=\u00bb3.0.73&#8243; divider_style=\u00bbsolid\u00bb divider_position=\u00bbtop\u00bb height=\u00bb150&#8243; hide_on_mobile=\u00bbon\u00bb disabled=\u00bboff\u00bb disabled_on=\u00bbon|on|\u00bb \/][et_pb_image _builder_version=\u00bb3.0.75&#8243; src=\u00bbhttp:\/\/andalusgp.com\/wp-content\/uploads\/2017\/09\/calendario-produccion-necta.png\u00bb show_in_lightbox=\u00bboff\u00bb url_new_window=\u00bboff\u00bb use_overlay=\u00bboff\u00bb sticky=\u00bboff\u00bb align=\u00bbcenter\u00bb always_center_on_mobile=\u00bbon\u00bb border_style=\u00bbsolid\u00bb force_fullwidth=\u00bboff\u00bb show_bottom_space=\u00bbon\u00bb \/][\/et_pb_column][\/et_pb_row][\/et_pb_section]<\/p>\n","protected":false},"excerpt":{"rendered":"<p>Calendario de producci\u00f3n de Melocotones Calendario de producci\u00f3n de Paraguayos Calendario de producci\u00f3n de Ciruelas Calendario de producci\u00f3n de Nectarinas<\/p>\n","protected":false},"author":1,"featured_media":0,"parent":116,"menu_order":0,"comment_status":"closed","ping_status":"closed","template":"","meta":{"_et_pb_use_builder":"on","_et_pb_old_content":"","_et_gb_content_width":""},"_links":{"self":[{"href":"http:\/\/www.andalusgp.com\/es\/wp-json\/wp\/v2\/pages\/264"}],"collection":[{"href":"http:\/\/www.andalusgp.com\/es\/wp-json\/wp\/v2\/pages"}],"about":[{"href":"http:\/\/www.andalusgp.com\/es\/wp-json\/wp\/v2\/types\/page"}],"author":[{"embeddable":true,"href":"http:\/\/www.andalusgp.com\/es\/wp-json\/wp\/v2\/users\/1"}],"replies":[{"embeddable":true,"href":"http:\/\/www.andalusgp.com\/es\/wp-json\/wp\/v2\/comments?post=264"}],"version-history":[{"count":5,"href":"http:\/\/www.andalusgp.com\/es\/wp-json\/wp\/v2\/pages\/264\/revisions"}],"predecessor-version":[{"id":327,"href":"http:\/\/www.andalusgp.com\/es\/wp-json\/wp\/v2\/pages\/264\/revisions\/327"}],"up":[{"embeddable":true,"href":"http:\/\/www.andalusgp.com\/es\/wp-json\/wp\/v2\/pages\/116"}],"wp:attachment":[{"href":"http:\/\/www.andalusgp.com\/es\/wp-json\/wp\/v2\/media?parent=264"}],"curies":[{"name":"wp","href":"https:\/\/api.w.org\/{rel}","templated":true}]}}