{"id":244,"date":"2017-09-13T11:44:05","date_gmt":"2017-09-13T09:44:05","guid":{"rendered":"http:\/\/andalusgp.com\/?page_id=244\/"},"modified":"2017-09-13T12:30:03","modified_gmt":"2017-09-13T10:30:03","slug":"logistica","status":"publish","type":"page","link":"http:\/\/www.andalusgp.com\/es\/logistica\/","title":{"rendered":"Log\u00edstica"},"content":{"rendered":"<p>[et_pb_section bb_built=\u00bb1&#8243; fullwidth=\u00bbon\u00bb specialty=\u00bboff\u00bb _builder_version=\u00bb3.0.73&#8243;][et_pb_fullwidth_slider show_arrows=\u00bbon\u00bb show_pagination=\u00bbon\u00bb parallax=\u00bboff\u00bb parallax_method=\u00bboff\u00bb remove_inner_shadow=\u00bboff\u00bb hide_content_on_mobile=\u00bboff\u00bb hide_cta_on_mobile=\u00bboff\u00bb show_image_video_mobile=\u00bboff\u00bb custom_button=\u00bboff\u00bb button_letter_spacing=\u00bb0&#8243; button_icon_placement=\u00bbright\u00bb button_letter_spacing_hover=\u00bb0&#8243; auto_speed=\u00bb4000&#8243; _builder_version=\u00bb3.0.73&#8243;] [et_pb_slide background_image=\u00bbhttp:\/\/andalusgp.com\/wp-content\/uploads\/2017\/09\/transporte-fruta.jpg\u00bb background_position=\u00bbcenter\u00bb background_size=\u00bbcover\u00bb background_color=\u00bb#ffffff\u00bb use_bg_overlay=\u00bboff\u00bb use_text_overlay=\u00bboff\u00bb alignment=\u00bbcenter\u00bb background_layout=\u00bbdark\u00bb allow_player_pause=\u00bboff\u00bb text_border_radius=\u00bb3&#8243; header_font_select=\u00bbdefault\u00bb header_font=\u00bb||||\u00bb body_font_select=\u00bbdefault\u00bb body_font=\u00bb||||\u00bb custom_button=\u00bboff\u00bb button_font_select=\u00bbdefault\u00bb button_font=\u00bb||||\u00bb button_use_icon=\u00bbdefault\u00bb button_icon_placement=\u00bbright\u00bb button_on_hover=\u00bbon\u00bb admin_title=\u00bbProductos\u00bb use_background_color_gradient=\u00bboff\u00bb background_color_gradient_start=\u00bb#2b87da\u00bb background_color_gradient_end=\u00bb#29c4a9&#8243; background_color_gradient_type=\u00bblinear\u00bb background_color_gradient_direction=\u00bb180deg\u00bb background_color_gradient_direction_radial=\u00bbcenter\u00bb background_color_gradient_start_position=\u00bb0%\u00bb background_color_gradient_end_position=\u00bb100%\u00bb parallax=\u00bboff\u00bb parallax_method=\u00bboff\u00bb background_repeat=\u00bbno-repeat\u00bb background_blend=\u00bbnormal\u00bb \/] [\/et_pb_fullwidth_slider][\/et_pb_section][et_pb_section bb_built=\u00bb1&#8243; fullwidth=\u00bboff\u00bb specialty=\u00bboff\u00bb][et_pb_row][et_pb_column type=\u00bb4_4&#8243;][et_pb_text background_layout=\u00bblight\u00bb text_orientation=\u00bbleft\u00bb border_style=\u00bbsolid\u00bb background_position=\u00bbtop_left\u00bb background_repeat=\u00bbrepeat\u00bb background_size=\u00bbinitial\u00bb _builder_version=\u00bb3.0.73&#8243;]<\/p>\n<h1 class=\"et_pb_contact_main_title\">Log\u00edstica<\/h1>\n<p>[\/et_pb_text][et_pb_text _builder_version=\u00bb3.0.73&#8243; background_layout=\u00bblight\u00bb text_orientation=\u00bbleft\u00bb border_style=\u00bbsolid\u00bb]<\/p>\n<p>Nuestro departamento de log\u00edstica dispone de personal con amplia experiencia en este sector.<\/p>\n<p>Disponemos de las mejores empresas de transporte ya sea terrestre, para entregas en Europa, como mar\u00edtimo para nuestros clientes de ultramar.<\/p>\n<p>La experta planificaci\u00f3n del transporte nos permite hacer entregas dentro de los tiempos requeridos por nuestros clientes en cualquier lugar de Europa.<\/p>\n<p>En todo el proceso de transporte desde el almac\u00e9n de confecci\u00f3n hasta el cliente final, la cadena de fr\u00edo es respetada y controlada mediante sensores de fr\u00edo.<\/p>\n<p>[\/et_pb_text][\/et_pb_column][\/et_pb_row][\/et_pb_section]<\/p>\n","protected":false},"excerpt":{"rendered":"<p><div class=\"et_pb_row et_pb_row_0 et_pb_row_empty\">\n\t\t\t\t\n\t\t\t\t\n\t\t\t\t\n\t\t\t\t\n\t\t\t\t\n\t\t\t<\/div> Log\u00edstica Nuestro departamento de log\u00edstica dispone de personal con amplia experiencia en este sector. Disponemos de las mejores empresas de transporte ya sea terrestre, para entregas en Europa, como mar\u00edtimo para nuestros clientes de ultramar. La experta planificaci\u00f3n del transporte nos permite hacer entregas dentro de los tiempos requeridos por nuestros clientes en cualquier [&hellip;]<\/p>\n","protected":false},"author":1,"featured_media":0,"parent":0,"menu_order":0,"comment_status":"closed","ping_status":"closed","template":"","meta":{"_et_pb_use_builder":"on","_et_pb_old_content":"","_et_gb_content_width":""},"_links":{"self":[{"href":"http:\/\/www.andalusgp.com\/es\/wp-json\/wp\/v2\/pages\/244"}],"collection":[{"href":"http:\/\/www.andalusgp.com\/es\/wp-json\/wp\/v2\/pages"}],"about":[{"href":"http:\/\/www.andalusgp.com\/es\/wp-json\/wp\/v2\/types\/page"}],"author":[{"embeddable":true,"href":"http:\/\/www.andalusgp.com\/es\/wp-json\/wp\/v2\/users\/1"}],"replies":[{"embeddable":true,"href":"http:\/\/www.andalusgp.com\/es\/wp-json\/wp\/v2\/comments?post=244"}],"version-history":[{"count":5,"href":"http:\/\/www.andalusgp.com\/es\/wp-json\/wp\/v2\/pages\/244\/revisions"}],"predecessor-version":[{"id":259,"href":"http:\/\/www.andalusgp.com\/es\/wp-json\/wp\/v2\/pages\/244\/revisions\/259"}],"wp:attachment":[{"href":"http:\/\/www.andalusgp.com\/es\/wp-json\/wp\/v2\/media?parent=244"}],"curies":[{"name":"wp","href":"https:\/\/api.w.org\/{rel}","templated":true}]}}