{"id":237,"date":"2017-09-13T11:37:58","date_gmt":"2017-09-13T09:37:58","guid":{"rendered":"http:\/\/andalusgp.com\/?page_id=237\/"},"modified":"2017-09-18T09:11:23","modified_gmt":"2017-09-18T07:11:23","slug":"calidad","status":"publish","type":"page","link":"http:\/\/www.andalusgp.com\/es\/calidad\/","title":{"rendered":"Calidad"},"content":{"rendered":"<p>[et_pb_section bb_built=\u00bb1&#8243; fullwidth=\u00bbon\u00bb specialty=\u00bboff\u00bb][et_pb_fullwidth_slider show_arrows=\u00bbon\u00bb show_pagination=\u00bbon\u00bb auto=\u00bbon\u00bb remove_inner_shadow=\u00bboff\u00bb background_position=\u00bbtop_left\u00bb hide_content_on_mobile=\u00bboff\u00bb hide_cta_on_mobile=\u00bboff\u00bb show_image_video_mobile=\u00bboff\u00bb custom_button=\u00bboff\u00bb button_letter_spacing=\u00bb0&#8243; button_icon_placement=\u00bbright\u00bb button_letter_spacing_hover=\u00bb0&#8243; auto_speed=\u00bb4000&#8243; _builder_version=\u00bb3.0.75&#8243; show_inner_shadow=\u00bboff\u00bb show_content_on_mobile=\u00bboff\u00bb show_cta_on_mobile=\u00bboff\u00bb custom_padding=\u00bb|||\u00bb] [et_pb_slide background_position=\u00bbcenter\u00bb background_size=\u00bbcover\u00bb background_color=\u00bb#ffffff\u00bb use_bg_overlay=\u00bboff\u00bb use_text_overlay=\u00bboff\u00bb alignment=\u00bbcenter\u00bb background_layout=\u00bbdark\u00bb allow_player_pause=\u00bboff\u00bb text_border_radius=\u00bb3&#8243; header_font_select=\u00bbdefault\u00bb header_font=\u00bb||||\u00bb body_font_select=\u00bbdefault\u00bb body_font=\u00bb||||\u00bb custom_button=\u00bboff\u00bb button_font_select=\u00bbdefault\u00bb button_font=\u00bb||||\u00bb button_use_icon=\u00bbon\u00bb button_icon_placement=\u00bbright\u00bb button_on_hover=\u00bbon\u00bb admin_title=\u00bbProductos\u00bb use_background_color_gradient=\u00bboff\u00bb background_color_gradient_start=\u00bb#2b87da\u00bb background_color_gradient_end=\u00bb#29c4a9&#8243; background_color_gradient_type=\u00bblinear\u00bb background_color_gradient_direction=\u00bb180deg\u00bb background_color_gradient_direction_radial=\u00bbcenter\u00bb background_color_gradient_start_position=\u00bb0%\u00bb background_color_gradient_end_position=\u00bb100%\u00bb parallax=\u00bboff\u00bb parallax_method=\u00bboff\u00bb background_repeat=\u00bbno-repeat\u00bb background_blend=\u00bbnormal\u00bb background_image=\u00bbhttp:\/\/andalusgp.com\/wp-content\/uploads\/2017\/09\/slider-control-calidad.jpg\u00bb _builder_version=\u00bb3.0.75&#8243; text_orientation=\u00bbleft\u00bb header_text_align=\u00bbleft\u00bb body_text_align=\u00bbleft\u00bb button_bg_use_color_gradient=\u00bboff\u00bb button_bg_color_gradient_start=\u00bb#2b87da\u00bb button_bg_color_gradient_end=\u00bb#29c4a9&#8243; button_bg_color_gradient_type=\u00bblinear\u00bb button_bg_color_gradient_direction_radial=\u00bbcenter\u00bb button_bg_size=\u00bbcover\u00bb button_bg_position=\u00bbcenter\u00bb button_bg_repeat=\u00bbno-repeat\u00bb button_bg_blend=\u00bbnormal\u00bb button_alignment=\u00bbleft\u00bb \/] [\/et_pb_fullwidth_slider][\/et_pb_section][et_pb_section bb_built=\u00bb1&#8243; fullwidth=\u00bboff\u00bb specialty=\u00bboff\u00bb][et_pb_row][et_pb_column type=\u00bb4_4&#8243;][et_pb_text background_layout=\u00bblight\u00bb text_orientation=\u00bbleft\u00bb border_style=\u00bbsolid\u00bb background_position=\u00bbtop_left\u00bb background_repeat=\u00bbrepeat\u00bb background_size=\u00bbinitial\u00bb _builder_version=\u00bb3.0.75&#8243; module_alignment=\u00bbleft\u00bb]<\/p>\n<h1 class=\"et_pb_contact_main_title\">Calidad<\/h1>\n<p>[\/et_pb_text][et_pb_text _builder_version=\u00bb3.0.71&#8243; background_layout=\u00bblight\u00bb text_orientation=\u00bbleft\u00bb border_style=\u00bbsolid\u00bb module_alignment=\u00bbleft\u00bb]<\/p>\n<p>El objetivo de la <strong>pol\u00edtica de calidad de AGP es la satisfacci\u00f3n de nuestros clientes, as\u00ed como cubrir las necesidades de nuestros clientes<\/strong>, a trav\u00e9s de la calidad e inocuidad de nuestros productos.<\/p>\n<p>Nuestro <strong>sistema de producci\u00f3n es respetuoso con el medio ambiente<\/strong>, as\u00ed como con la fauna auxiliar, y somos conocedores de que la lucha integrada es el \u00fanico camino para hacer una agricultura sostenible, adem\u00e1s de cultivar productos de calidad e inocuos.<\/p>\n<p>Con el fin de la mejora continua de todos nuestros procesos, <strong>el Departamento de Calidad de AGP realiza un control de calidad en origen de todos los pedidos que suministramos<\/strong>. En este control de calidad verificamos el cumplimiento de las especificaciones de nuestros clientes, para poder ofrecer a nuestros clientes una plena satisfacci\u00f3n.<\/p>\n<p>Las centrales de manipulaci\u00f3n de nuestros socios, donde se envasan los productos de AGP, <strong>son inspeccionadas por personal de AGP<\/strong>, para verificar el cumplimiento de nuestras especificaciones y de nuestros clientes.<\/p>\n<p>Dichas centrales de envasado se encuentran certificadas bajo los protocolos de <strong>certificaci\u00f3n de producto y Seguridad Alimentaria m\u00e1s exigentes, como pueden ser GLOBALGAP, IFS y BRC<\/strong>.<\/p>\n<p>[\/et_pb_text][\/et_pb_column][\/et_pb_row][\/et_pb_section]<\/p>\n","protected":false},"excerpt":{"rendered":"<p><div class=\"et_pb_row et_pb_row_0 et_pb_row_empty\">\n\t\t\t\t\n\t\t\t\t\n\t\t\t\t\n\t\t\t\t\n\t\t\t\t\n\t\t\t<\/div> Calidad El objetivo de la pol\u00edtica de calidad de AGP es la satisfacci\u00f3n de nuestros clientes, as\u00ed como cubrir las necesidades de nuestros clientes, a trav\u00e9s de la calidad e inocuidad de nuestros productos. Nuestro sistema de producci\u00f3n es respetuoso con el medio ambiente, as\u00ed como con la fauna auxiliar, y somos conocedores de [&hellip;]<\/p>\n","protected":false},"author":1,"featured_media":0,"parent":0,"menu_order":0,"comment_status":"closed","ping_status":"closed","template":"","meta":{"_et_pb_use_builder":"on","_et_pb_old_content":"","_et_gb_content_width":""},"_links":{"self":[{"href":"http:\/\/www.andalusgp.com\/es\/wp-json\/wp\/v2\/pages\/237"}],"collection":[{"href":"http:\/\/www.andalusgp.com\/es\/wp-json\/wp\/v2\/pages"}],"about":[{"href":"http:\/\/www.andalusgp.com\/es\/wp-json\/wp\/v2\/types\/page"}],"author":[{"embeddable":true,"href":"http:\/\/www.andalusgp.com\/es\/wp-json\/wp\/v2\/users\/1"}],"replies":[{"embeddable":true,"href":"http:\/\/www.andalusgp.com\/es\/wp-json\/wp\/v2\/comments?post=237"}],"version-history":[{"count":4,"href":"http:\/\/www.andalusgp.com\/es\/wp-json\/wp\/v2\/pages\/237\/revisions"}],"predecessor-version":[{"id":391,"href":"http:\/\/www.andalusgp.com\/es\/wp-json\/wp\/v2\/pages\/237\/revisions\/391"}],"wp:attachment":[{"href":"http:\/\/www.andalusgp.com\/es\/wp-json\/wp\/v2\/media?parent=237"}],"curies":[{"name":"wp","href":"https:\/\/api.w.org\/{rel}","templated":true}]}}