{"id":2,"date":"2017-08-30T06:20:27","date_gmt":"2017-08-30T06:20:27","guid":{"rendered":"http:\/\/andalusgp.com\/?page_id=2"},"modified":"2017-10-04T07:51:11","modified_gmt":"2017-10-04T05:51:11","slug":"pagina-ejemplo","status":"publish","type":"page","link":"http:\/\/www.andalusgp.com\/es\/","title":{"rendered":"Inicio"},"content":{"rendered":"<p>[et_pb_section bb_built=\u00bb1&#8243; fullwidth=\u00bbon\u00bb specialty=\u00bboff\u00bb _builder_version=\u00bb3.0.75&#8243; use_background_color_gradient=\u00bbon\u00bb background_color_gradient_start=\u00bb#ef9f0c\u00bb background_color_gradient_end=\u00bb#e87816&#8243; background_color_gradient_type=\u00bbradial\u00bb background_color_gradient_start_position=\u00bb23%\u00bb background_color_gradient_end_position=\u00bb68%\u00bb][et_pb_fullwidth_slider show_arrows=\u00bbon\u00bb show_pagination=\u00bbon\u00bb auto=\u00bbon\u00bb remove_inner_shadow=\u00bboff\u00bb background_position=\u00bbtop_left\u00bb hide_content_on_mobile=\u00bboff\u00bb hide_cta_on_mobile=\u00bboff\u00bb show_image_video_mobile=\u00bboff\u00bb custom_button=\u00bboff\u00bb button_letter_spacing=\u00bb0&#8243; button_icon_placement=\u00bbright\u00bb button_letter_spacing_hover=\u00bb0&#8243; auto_speed=\u00bb4000&#8243; _builder_version=\u00bb3.0.75&#8243; show_inner_shadow=\u00bboff\u00bb show_content_on_mobile=\u00bboff\u00bb show_cta_on_mobile=\u00bboff\u00bb custom_css_slide_description=\u00bbpadding-bottom: 15% !important;\u00bb]<\/p>\n<p>[et_pb_slide background_image=\u00bbhttp:\/\/andalusgp.com\/wp-content\/uploads\/2017\/08\/slider-andalusgp-7.jpg\u00bb background_position=\u00bbcenter\u00bb background_size=\u00bbcover\u00bb background_color=\u00bb#ffffff\u00bb use_bg_overlay=\u00bboff\u00bb use_text_overlay=\u00bboff\u00bb alignment=\u00bbcenter\u00bb background_layout=\u00bbdark\u00bb allow_player_pause=\u00bboff\u00bb text_border_radius=\u00bb3&#8243; header_font_select=\u00bbdefault\u00bb header_font=\u00bb||||\u00bb body_font_select=\u00bbdefault\u00bb body_font=\u00bb||||\u00bb custom_button=\u00bboff\u00bb button_font_select=\u00bbdefault\u00bb button_font=\u00bb||||\u00bb button_use_icon=\u00bbon\u00bb button_icon_placement=\u00bbright\u00bb button_on_hover=\u00bbon\u00bb admin_title=\u00bbNaranjas\u00bb _builder_version=\u00bb3.0.75&#8243; use_background_color_gradient=\u00bboff\u00bb background_color_gradient_start=\u00bb#2b87da\u00bb background_color_gradient_end=\u00bb#29c4a9&#8243; background_color_gradient_type=\u00bblinear\u00bb background_color_gradient_direction=\u00bb180deg\u00bb background_color_gradient_direction_radial=\u00bbcenter\u00bb background_color_gradient_start_position=\u00bb0%\u00bb background_color_gradient_end_position=\u00bb100%\u00bb parallax=\u00bboff\u00bb parallax_method=\u00bbon\u00bb background_repeat=\u00bbno-repeat\u00bb background_blend=\u00bbnormal\u00bb text_orientation=\u00bbleft\u00bb header_text_align=\u00bbleft\u00bb body_text_align=\u00bbleft\u00bb button_bg_use_color_gradient=\u00bboff\u00bb button_bg_color_gradient_start=\u00bb#2b87da\u00bb button_bg_color_gradient_end=\u00bb#29c4a9&#8243; button_bg_color_gradient_type=\u00bblinear\u00bb button_bg_color_gradient_direction_radial=\u00bbcenter\u00bb button_bg_size=\u00bbcover\u00bb button_bg_position=\u00bbcenter\u00bb button_bg_repeat=\u00bbno-repeat\u00bb button_bg_blend=\u00bbnormal\u00bb button_alignment=\u00bbleft\u00bb \/][et_pb_slide background_image=\u00bbhttp:\/\/andalusgp.com\/wp-content\/uploads\/2017\/08\/slider-limones.jpg\u00bb background_position=\u00bbcenter\u00bb background_size=\u00bbcover\u00bb background_color=\u00bb#ffffff\u00bb use_bg_overlay=\u00bboff\u00bb use_text_overlay=\u00bboff\u00bb alignment=\u00bbcenter\u00bb background_layout=\u00bbdark\u00bb allow_player_pause=\u00bboff\u00bb text_border_radius=\u00bb3&#8243; header_font_select=\u00bbdefault\u00bb header_font=\u00bb||||\u00bb body_font_select=\u00bbdefault\u00bb body_font=\u00bb||||\u00bb custom_button=\u00bboff\u00bb button_font_select=\u00bbdefault\u00bb button_font=\u00bb||||\u00bb button_use_icon=\u00bbon\u00bb button_icon_placement=\u00bbright\u00bb button_on_hover=\u00bbon\u00bb admin_title=\u00bbLimones\u00bb use_background_color_gradient=\u00bboff\u00bb background_color_gradient_start=\u00bb#2b87da\u00bb background_color_gradient_end=\u00bb#29c4a9&#8243; background_color_gradient_type=\u00bblinear\u00bb background_color_gradient_direction=\u00bb180deg\u00bb background_color_gradient_direction_radial=\u00bbcenter\u00bb background_color_gradient_start_position=\u00bb0%\u00bb background_color_gradient_end_position=\u00bb100%\u00bb parallax=\u00bboff\u00bb parallax_method=\u00bboff\u00bb background_repeat=\u00bbno-repeat\u00bb background_blend=\u00bbnormal\u00bb _builder_version=\u00bb3.0.75&#8243; text_orientation=\u00bbleft\u00bb header_text_align=\u00bbleft\u00bb body_text_align=\u00bbleft\u00bb button_bg_use_color_gradient=\u00bboff\u00bb button_bg_color_gradient_start=\u00bb#2b87da\u00bb button_bg_color_gradient_end=\u00bb#29c4a9&#8243; button_bg_color_gradient_type=\u00bblinear\u00bb button_bg_color_gradient_direction_radial=\u00bbcenter\u00bb button_bg_size=\u00bbcover\u00bb button_bg_position=\u00bbcenter\u00bb button_bg_repeat=\u00bbno-repeat\u00bb button_bg_blend=\u00bbnormal\u00bb button_alignment=\u00bbleft\u00bb \/][et_pb_slide background_image=\u00bbhttp:\/\/andalusgp.com\/wp-content\/uploads\/2017\/08\/slider-andalusgp-4.jpg\u00bb background_position=\u00bbcenter\u00bb background_size=\u00bbcover\u00bb background_color=\u00bb#ffffff\u00bb use_bg_overlay=\u00bboff\u00bb use_text_overlay=\u00bboff\u00bb alignment=\u00bbcenter\u00bb background_layout=\u00bbdark\u00bb allow_player_pause=\u00bboff\u00bb text_border_radius=\u00bb3&#8243; header_font_select=\u00bbdefault\u00bb header_font=\u00bb||||\u00bb body_font_select=\u00bbdefault\u00bb body_font=\u00bb||||\u00bb custom_button=\u00bboff\u00bb button_font_select=\u00bbdefault\u00bb button_font=\u00bb||||\u00bb button_use_icon=\u00bbdefault\u00bb button_icon_placement=\u00bbright\u00bb button_on_hover=\u00bbon\u00bb admin_title=\u00bbPomelos\u00bb _builder_version=\u00bb3.0.75&#8243; \/][et_pb_slide background_image=\u00bbhttp:\/\/andalusgp.com\/wp-content\/uploads\/2017\/08\/slider-andalusgp-4-1.jpg\u00bb background_position=\u00bbcenter\u00bb background_size=\u00bbcover\u00bb background_color=\u00bb#ffffff\u00bb use_bg_overlay=\u00bboff\u00bb use_text_overlay=\u00bboff\u00bb alignment=\u00bbcenter\u00bb background_layout=\u00bbdark\u00bb allow_player_pause=\u00bboff\u00bb text_border_radius=\u00bb3&#8243; header_font_select=\u00bbdefault\u00bb header_font=\u00bb||||\u00bb body_font_select=\u00bbdefault\u00bb body_font=\u00bb||||\u00bb custom_button=\u00bboff\u00bb button_font_select=\u00bbdefault\u00bb button_font=\u00bb||||\u00bb button_use_icon=\u00bbdefault\u00bb button_icon_placement=\u00bbright\u00bb button_on_hover=\u00bbon\u00bb admin_title=\u00bbMelocotones\u00bb _builder_version=\u00bb3.0.75&#8243; \/][et_pb_slide background_image=\u00bbhttp:\/\/andalusgp.com\/wp-content\/uploads\/2017\/08\/slider-sandia.jpg\u00bb background_position=\u00bbcenter\u00bb background_size=\u00bbcover\u00bb background_color=\u00bb#ffffff\u00bb use_bg_overlay=\u00bboff\u00bb use_text_overlay=\u00bboff\u00bb alignment=\u00bbcenter\u00bb background_layout=\u00bbdark\u00bb allow_player_pause=\u00bboff\u00bb text_border_radius=\u00bb3&#8243; header_font_select=\u00bbdefault\u00bb header_font=\u00bb||||\u00bb body_font_select=\u00bbdefault\u00bb body_font=\u00bb||||\u00bb custom_button=\u00bboff\u00bb button_font_select=\u00bbdefault\u00bb button_font=\u00bb||||\u00bb button_use_icon=\u00bbon\u00bb button_icon_placement=\u00bbright\u00bb button_on_hover=\u00bbon\u00bb admin_title=\u00bbSandias\u00bb _builder_version=\u00bb3.0.75&#8243; use_background_color_gradient=\u00bboff\u00bb background_color_gradient_start=\u00bb#2b87da\u00bb background_color_gradient_end=\u00bb#29c4a9&#8243; background_color_gradient_type=\u00bblinear\u00bb background_color_gradient_direction=\u00bb180deg\u00bb background_color_gradient_direction_radial=\u00bbcenter\u00bb background_color_gradient_start_position=\u00bb0%\u00bb background_color_gradient_end_position=\u00bb100%\u00bb parallax=\u00bboff\u00bb parallax_method=\u00bbon\u00bb background_repeat=\u00bbno-repeat\u00bb background_blend=\u00bbnormal\u00bb text_orientation=\u00bbleft\u00bb header_text_align=\u00bbleft\u00bb body_text_align=\u00bbleft\u00bb button_bg_use_color_gradient=\u00bboff\u00bb button_bg_color_gradient_start=\u00bb#2b87da\u00bb button_bg_color_gradient_end=\u00bb#29c4a9&#8243; button_bg_color_gradient_type=\u00bblinear\u00bb button_bg_color_gradient_direction_radial=\u00bbcenter\u00bb button_bg_size=\u00bbcover\u00bb button_bg_position=\u00bbcenter\u00bb button_bg_repeat=\u00bbno-repeat\u00bb button_bg_blend=\u00bbnormal\u00bb button_alignment=\u00bbleft\u00bb \/][et_pb_slide background_image=\u00bbhttp:\/\/andalusgp.com\/wp-content\/uploads\/2017\/08\/slider-fruta-hueso.jpg\u00bb background_position=\u00bbcenter\u00bb background_size=\u00bbcover\u00bb background_color=\u00bb#ffffff\u00bb use_bg_overlay=\u00bboff\u00bb use_text_overlay=\u00bboff\u00bb alignment=\u00bbcenter\u00bb background_layout=\u00bbdark\u00bb allow_player_pause=\u00bboff\u00bb text_border_radius=\u00bb3&#8243; header_font_select=\u00bbdefault\u00bb header_font=\u00bb||||\u00bb body_font_select=\u00bbdefault\u00bb body_font=\u00bb||||\u00bb custom_button=\u00bboff\u00bb button_font_select=\u00bbdefault\u00bb button_font=\u00bb||||\u00bb button_use_icon=\u00bbon\u00bb button_icon_placement=\u00bbright\u00bb button_on_hover=\u00bbon\u00bb admin_title=\u00bbFruta hueso\u00bb _builder_version=\u00bb3.0.75&#8243; use_background_color_gradient=\u00bboff\u00bb background_color_gradient_start=\u00bb#2b87da\u00bb background_color_gradient_end=\u00bb#29c4a9&#8243; background_color_gradient_type=\u00bblinear\u00bb background_color_gradient_direction=\u00bb180deg\u00bb background_color_gradient_direction_radial=\u00bbcenter\u00bb background_color_gradient_start_position=\u00bb0%\u00bb background_color_gradient_end_position=\u00bb100%\u00bb parallax=\u00bboff\u00bb parallax_method=\u00bbon\u00bb background_repeat=\u00bbno-repeat\u00bb background_blend=\u00bbnormal\u00bb text_orientation=\u00bbleft\u00bb header_text_align=\u00bbleft\u00bb body_text_align=\u00bbleft\u00bb button_bg_use_color_gradient=\u00bboff\u00bb button_bg_color_gradient_start=\u00bb#2b87da\u00bb button_bg_color_gradient_end=\u00bb#29c4a9&#8243; button_bg_color_gradient_type=\u00bblinear\u00bb button_bg_color_gradient_direction_radial=\u00bbcenter\u00bb button_bg_size=\u00bbcover\u00bb button_bg_position=\u00bbcenter\u00bb button_bg_repeat=\u00bbno-repeat\u00bb button_bg_blend=\u00bbnormal\u00bb button_alignment=\u00bbleft\u00bb \/]<\/p>\n<p>[\/et_pb_fullwidth_slider][\/et_pb_section][et_pb_section bb_built=\u00bb1&#8243; fullwidth=\u00bboff\u00bb specialty=\u00bboff\u00bb _builder_version=\u00bb3.0.75&#8243; use_background_color_gradient=\u00bbon\u00bb background_color_gradient_start=\u00bb#d79c02&#8243; background_color_gradient_end=\u00bb#d48735&#8243; background_color_gradient_type=\u00bbradial\u00bb background_color_gradient_start_position=\u00bb53%\u00bb background_color_gradient_end_position=\u00bb72%\u00bb custom_padding=\u00bb15px|0px|15px|0px\u00bb][et_pb_row _builder_version=\u00bb3.0.75&#8243;][et_pb_column type=\u00bb4_4&#8243;][et_pb_image _builder_version=\u00bb3.0.75&#8243; src=\u00bbhttp:\/\/andalusgp.com\/wp-content\/uploads\/2017\/08\/agp-letras.png\u00bb show_in_lightbox=\u00bboff\u00bb url_new_window=\u00bboff\u00bb use_overlay=\u00bboff\u00bb align=\u00bbcenter\u00bb always_center_on_mobile=\u00bbon\u00bb border_style=\u00bbsolid\u00bb force_fullwidth=\u00bboff\u00bb show_bottom_space=\u00bboff\u00bb \/][\/et_pb_column][\/et_pb_row][et_pb_row][et_pb_column type=\u00bb4_4&#8243;][et_pb_image _builder_version=\u00bb3.0.75&#8243; src=\u00bbhttp:\/\/andalusgp.com\/wp-content\/uploads\/2017\/08\/andalus-global-produces.png\u00bb show_in_lightbox=\u00bboff\u00bb url_new_window=\u00bboff\u00bb use_overlay=\u00bboff\u00bb align=\u00bbcenter\u00bb always_center_on_mobile=\u00bbon\u00bb border_style=\u00bbsolid\u00bb force_fullwidth=\u00bboff\u00bb show_bottom_space=\u00bbon\u00bb max_width=\u00bb76%\u00bb module_alignment=\u00bbcenter\u00bb \/][\/et_pb_column][\/et_pb_row][\/et_pb_section]<\/p>\n","protected":false},"excerpt":{"rendered":"<div class=\"et_pb_row et_pb_row_0 et_pb_row_empty\">\n\t\t\t\t\n\t\t\t\t\n\t\t\t\t\n\t\t\t\t\n\t\t\t\t\n\t\t\t<\/div>\n","protected":false},"author":1,"featured_media":0,"parent":0,"menu_order":0,"comment_status":"closed","ping_status":"open","template":"","meta":{"_et_pb_use_builder":"on","_et_pb_old_content":"<p>Esta es una p\u00e1gina de ejemplo, Es diferente a una entrada de un blog porque se mantiene est\u00e1tica y se mostrar\u00e1 en la barra de navegaci\u00f3n (en la mayor\u00eda de temas). Casi todo el mundo comienza con una p\u00e1gina Sobre m\u00ed para presentarse a los potenciales visitantes. Podr\u00eda ser algo as\u00ed:<\/p><blockquote><p>\u00a1Hola!: Soy mensajero por el d\u00eda, aspirante a actor por la noche y esta es mi web. Vivo en Madrid, tengo perrazo llamado Juan y me encantan las pi\u00f1as coladas (y que me pille un chaparr\u00f3n)<\/p><\/blockquote><p>\u2026 o algo as\u00ed:<\/p><blockquote><p>La empresa Calcetines XYZ se fund\u00f3 en 1971, y ha estado produciendo calcetines de calidad para sus clientes desde entonces. Ubicada en Gothan, la empresa XYZ tiene m\u00e1s de 2.000 empleados e intenta ayudar en lo que puede para mejorar la vida en Gothan<\/p><\/blockquote><p>Si eres nuevo en WordPress deber\u00edas ir a <a href=\"http:\/\/andalusgp.com\/wp-admin\/\">tu escritorio<\/a> para borrar esta p\u00e1gina y crear algunas nuevas con tu contenido. \u00a1P\u00e1salo bien!<\/p>","_et_gb_content_width":""},"_links":{"self":[{"href":"http:\/\/www.andalusgp.com\/es\/wp-json\/wp\/v2\/pages\/2"}],"collection":[{"href":"http:\/\/www.andalusgp.com\/es\/wp-json\/wp\/v2\/pages"}],"about":[{"href":"http:\/\/www.andalusgp.com\/es\/wp-json\/wp\/v2\/types\/page"}],"author":[{"embeddable":true,"href":"http:\/\/www.andalusgp.com\/es\/wp-json\/wp\/v2\/users\/1"}],"replies":[{"embeddable":true,"href":"http:\/\/www.andalusgp.com\/es\/wp-json\/wp\/v2\/comments?post=2"}],"version-history":[{"count":5,"href":"http:\/\/www.andalusgp.com\/es\/wp-json\/wp\/v2\/pages\/2\/revisions"}],"predecessor-version":[{"id":524,"href":"http:\/\/www.andalusgp.com\/es\/wp-json\/wp\/v2\/pages\/2\/revisions\/524"}],"wp:attachment":[{"href":"http:\/\/www.andalusgp.com\/es\/wp-json\/wp\/v2\/media?parent=2"}],"curies":[{"name":"wp","href":"https:\/\/api.w.org\/{rel}","templated":true}]}}