{"id":120,"date":"2017-08-30T08:49:26","date_gmt":"2017-08-30T06:49:26","guid":{"rendered":"http:\/\/andalusgp.com\/?page_id=120"},"modified":"2017-10-10T12:47:18","modified_gmt":"2017-10-10T10:47:18","slug":"contacto","status":"publish","type":"page","link":"http:\/\/www.andalusgp.com\/es\/contacto\/","title":{"rendered":"Contacto"},"content":{"rendered":"<p>[et_pb_section bb_built=\u00bb1&#8243; fullwidth=\u00bbon\u00bb specialty=\u00bboff\u00bb][et_pb_fullwidth_slider show_arrows=\u00bbon\u00bb show_pagination=\u00bbon\u00bb auto=\u00bbon\u00bb auto_ignore_hover=\u00bboff\u00bb parallax=\u00bboff\u00bb parallax_method=\u00bboff\u00bb remove_inner_shadow=\u00bboff\u00bb background_position=\u00bbtop_left\u00bb hide_content_on_mobile=\u00bboff\u00bb hide_cta_on_mobile=\u00bboff\u00bb show_image_video_mobile=\u00bboff\u00bb custom_button=\u00bboff\u00bb button_letter_spacing=\u00bb0&#8243; button_icon_placement=\u00bbright\u00bb button_letter_spacing_hover=\u00bb0&#8243; auto_speed=\u00bb4000&#8243; _builder_version=\u00bb3.0.71&#8243; show_inner_shadow=\u00bbon\u00bb show_content_on_mobile=\u00bbon\u00bb show_cta_on_mobile=\u00bbon\u00bb custom_padding=\u00bb|||\u00bb custom_padding_tablet=\u00bb|||\u00bb custom_padding_phone=\u00bb|||\u00bb]<\/p>\n<p>[et_pb_slide background_image=\u00bbhttp:\/\/andalusgp.com\/wp-content\/uploads\/2017\/08\/slider-contact.jpg\u00bb background_position=\u00bbcenter\u00bb background_size=\u00bbcover\u00bb background_color=\u00bb#ffffff\u00bb use_bg_overlay=\u00bboff\u00bb use_text_overlay=\u00bboff\u00bb alignment=\u00bbcenter\u00bb background_layout=\u00bbdark\u00bb allow_player_pause=\u00bboff\u00bb text_border_radius=\u00bb3&#8243; header_font_select=\u00bbdefault\u00bb header_font=\u00bb||||\u00bb body_font_select=\u00bbdefault\u00bb body_font=\u00bb||||\u00bb custom_button=\u00bboff\u00bb button_font_select=\u00bbdefault\u00bb button_font=\u00bb||||\u00bb button_use_icon=\u00bbdefault\u00bb button_icon_placement=\u00bbright\u00bb button_on_hover=\u00bbon\u00bb admin_title=\u00bbNaranjas\u00bb use_background_color_gradient=\u00bboff\u00bb background_color_gradient_start=\u00bb#2b87da\u00bb background_color_gradient_end=\u00bb#29c4a9&#8243; background_color_gradient_type=\u00bblinear\u00bb background_color_gradient_direction=\u00bb180deg\u00bb background_color_gradient_direction_radial=\u00bbcenter\u00bb background_color_gradient_start_position=\u00bb0%\u00bb background_color_gradient_end_position=\u00bb100%\u00bb parallax=\u00bboff\u00bb parallax_method=\u00bboff\u00bb background_repeat=\u00bbno-repeat\u00bb background_blend=\u00bbnormal\u00bb \/]<\/p>\n<p>[\/et_pb_fullwidth_slider][\/et_pb_section][et_pb_section bb_built=\u00bb1&#8243; fullwidth=\u00bboff\u00bb specialty=\u00bboff\u00bb][et_pb_row background_position=\u00bbtop_left\u00bb background_repeat=\u00bbrepeat\u00bb background_size=\u00bbinitial\u00bb][et_pb_column type=\u00bb1_2&#8243;][et_pb_text background_layout=\u00bblight\u00bb border_style=\u00bbsolid\u00bb background_position=\u00bbtop_left\u00bb background_repeat=\u00bbrepeat\u00bb background_size=\u00bbinitial\u00bb _builder_version=\u00bb3.0.75&#8243; module_alignment=\u00bbleft\u00bb]<\/p>\n<h1 class=\"et_pb_contact_main_title\">Andalus Global Produce<\/h1>\n<p><strong>Ingenier\u00edas, 3 &#8211; Oficina 49<\/strong><br \/>\n41960 &#8211; Gines (Sevilla)<\/p>\n<p><strong>Atenci\u00f3n al Cliente:<\/strong> +34 954 713 307<br \/>\n<strong>Fax:<\/strong> +34 957 780 811<br \/>\n<strong>Correo Electr\u00f3nico:<\/strong> <a href=\"mailto:andalusgp@andalusgp.com\">andalusgp@andalusgp.com<\/a><\/p>\n<p>[\/et_pb_text][\/et_pb_column][et_pb_column type=\u00bb1_2&#8243;][et_pb_contact_form captcha=\u00bbon\u00bb use_redirect=\u00bboff\u00bb input_border_radius=\u00bb0&#8243; border_style=\u00bbsolid\u00bb custom_button=\u00bbon\u00bb button_letter_spacing=\u00bb0&#8243; button_icon_placement=\u00bbright\u00bb button_letter_spacing_hover=\u00bb0&#8243; title=\u00bbFormulario de Contacto\u00bb button_bg_color=\u00bb#e8902f\u00bb button_border_width=\u00bb0&#8243; button_icon=\u00bb%%109%%\u00bb button_bg_color_hover=\u00bb#e8902f\u00bb button_text_color=\u00bb#ffffff\u00bb button_text_color_hover=\u00bb#ffffff\u00bb email=\u00bbandalusgp@andalusgp.com\u00bb custom_message=\u00bbMensaje de contacto recibido a trav\u00e9s del formulario de contacto de AndalusGP. El usuario %%name%% ha dejado el siguiente mensaje: %%message%%. ||et_pb_line_break_holder||||et_pb_line_break_holder||Para contactar con %%name%% puedes hacerlo a trav\u00e9s de su tel\u00e9fono de contacto: %%phone%% o a trav\u00e9s del correo electr\u00f3nico: %%email%%\u00bb _builder_version=\u00bb3.0.75&#8243; success_message=\u00bbMensaje de contacto enviado correctamente. En breve contactaremos con usted.\u00bb]<\/p>\n<p>[et_pb_contact_field field_title=\u00bbNombre y Apellidos\u00bb field_type=\u00bbinput\u00bb field_id=\u00bbName\u00bb required_mark=\u00bbon\u00bb fullwidth_field=\u00bboff\u00bb form_field_font_select=\u00bbdefault\u00bb form_field_font=\u00bb||||\u00bb use_border_color=\u00bboff\u00bb border_style=\u00bbsolid\u00bb \/][et_pb_contact_field field_id=\u00bbphone\u00bb field_title=\u00bbTel\u00e9fono\u00bb field_type=\u00bbinput\u00bb checkbox_checked=\u00bboff\u00bb checkbox_options=\u00bb%91{%22value%22:%22%22,%22checked%22:0}%93&#8243; radio_options=\u00bb%91{%22value%22:%22%22,%22checked%22:0}%93&#8243; select_options=\u00bb%91{%22value%22:%22%22,%22checked%22:0}%93&#8243; min_length=\u00bb0&#8243; max_length=\u00bb0&#8243; allowed_symbols=\u00bbnumbers\u00bb required_mark=\u00bbon\u00bb conditional_logic=\u00bboff\u00bb conditional_logic_relation=\u00bboff\u00bb conditional_logic_rules=\u00bb%91{%22field%22:%22name%22,%22condition%22:%22is%22,%22value%22:%22%22}%93&#8243; fullwidth_field=\u00bboff\u00bb form_field_font_select=\u00bbdefault\u00bb form_field_font=\u00bb||||\u00bb use_border_color=\u00bboff\u00bb border_style=\u00bbsolid\u00bb \/][et_pb_contact_field field_title=\u00bbDirecci\u00f3n de correo electr\u00f3nico\u00bb field_type=\u00bbemail\u00bb field_id=\u00bbEmail\u00bb required_mark=\u00bbon\u00bb fullwidth_field=\u00bbon\u00bb form_field_font_select=\u00bbdefault\u00bb form_field_font=\u00bb||||\u00bb use_border_color=\u00bboff\u00bb border_style=\u00bbsolid\u00bb checkbox_checked=\u00bboff\u00bb checkbox_options=\u00bb%91{%22value%22:%22Direcci\u00f3n de correo electr\u00f3nico%22,%22checked%22:0}%93&#8243; radio_options=\u00bb%91{%22value%22:%22Direcci\u00f3n de correo electr\u00f3nico%22,%22checked%22:0}%93&#8243; select_options=\u00bb%91{%22value%22:%22Direcci\u00f3n de correo electr\u00f3nico%22,%22checked%22:0}%93&#8243; min_length=\u00bb0&#8243; max_length=\u00bb0&#8243; allowed_symbols=\u00bball\u00bb conditional_logic=\u00bboff\u00bb conditional_logic_relation=\u00bboff\u00bb conditional_logic_rules=\u00bb%91{%22field%22:%22name%22,%22condition%22:%22is%22,%22value%22:%22%22}%93&#8243; \/][et_pb_contact_field field_title=\u00bbMensaje\u00bb field_type=\u00bbtext\u00bb field_id=\u00bbMessage\u00bb required_mark=\u00bbon\u00bb fullwidth_field=\u00bbon\u00bb form_field_font_select=\u00bbdefault\u00bb form_field_font=\u00bb||||\u00bb use_border_color=\u00bboff\u00bb border_style=\u00bbsolid\u00bb \/]<\/p>\n<p>[\/et_pb_contact_form][\/et_pb_column][\/et_pb_row][\/et_pb_section]<\/p>\n","protected":false},"excerpt":{"rendered":"<p>Andalus Global Produce Ingenier\u00edas, 3 &#8211; Oficina 49 41960 &#8211; Gines (Sevilla) Atenci\u00f3n al Cliente: +34 954 713 307 Fax: +34 957 780 811 Correo Electr\u00f3nico: andalusgp@andalusgp.com<\/p>\n","protected":false},"author":1,"featured_media":0,"parent":0,"menu_order":0,"comment_status":"closed","ping_status":"closed","template":"","meta":{"_et_pb_use_builder":"on","_et_pb_old_content":"","_et_gb_content_width":""},"_links":{"self":[{"href":"http:\/\/www.andalusgp.com\/es\/wp-json\/wp\/v2\/pages\/120"}],"collection":[{"href":"http:\/\/www.andalusgp.com\/es\/wp-json\/wp\/v2\/pages"}],"about":[{"href":"http:\/\/www.andalusgp.com\/es\/wp-json\/wp\/v2\/types\/page"}],"author":[{"embeddable":true,"href":"http:\/\/www.andalusgp.com\/es\/wp-json\/wp\/v2\/users\/1"}],"replies":[{"embeddable":true,"href":"http:\/\/www.andalusgp.com\/es\/wp-json\/wp\/v2\/comments?post=120"}],"version-history":[{"count":5,"href":"http:\/\/www.andalusgp.com\/es\/wp-json\/wp\/v2\/pages\/120\/revisions"}],"predecessor-version":[{"id":634,"href":"http:\/\/www.andalusgp.com\/es\/wp-json\/wp\/v2\/pages\/120\/revisions\/634"}],"wp:attachment":[{"href":"http:\/\/www.andalusgp.com\/es\/wp-json\/wp\/v2\/media?parent=120"}],"curies":[{"name":"wp","href":"https:\/\/api.w.org\/{rel}","templated":true}]}}