{"id":111,"date":"2017-08-30T06:45:22","date_gmt":"2017-08-30T06:45:22","guid":{"rendered":"http:\/\/andalusgp.com\/?page_id=111"},"modified":"2017-09-13T11:35:41","modified_gmt":"2017-09-13T09:35:41","slug":"quienes-somos","status":"publish","type":"page","link":"http:\/\/www.andalusgp.com\/es\/quienes-somos\/","title":{"rendered":"Qui\u00e9nes somos"},"content":{"rendered":"<p>[et_pb_section bb_built=\u00bb1&#8243; fullwidth=\u00bbon\u00bb specialty=\u00bboff\u00bb][et_pb_fullwidth_slider show_arrows=\u00bbon\u00bb show_pagination=\u00bbon\u00bb auto=\u00bbon\u00bb auto_ignore_hover=\u00bboff\u00bb parallax=\u00bboff\u00bb parallax_method=\u00bboff\u00bb remove_inner_shadow=\u00bboff\u00bb background_position=\u00bbdefault\u00bb background_size=\u00bbdefault\u00bb hide_content_on_mobile=\u00bboff\u00bb hide_cta_on_mobile=\u00bboff\u00bb show_image_video_mobile=\u00bboff\u00bb custom_button=\u00bboff\u00bb button_letter_spacing=\u00bb0&#8243; button_use_icon=\u00bbdefault\u00bb button_icon_placement=\u00bbright\u00bb button_on_hover=\u00bbon\u00bb button_letter_spacing_hover=\u00bb0&#8243; auto_speed=\u00bb4000&#8243;]<\/p>\n<p>[et_pb_slide background_image=\u00bbhttp:\/\/andalusgp.com\/wp-content\/uploads\/2017\/08\/slider-andalusgp.jpg\u00bb background_position=\u00bbcenter\u00bb background_size=\u00bbcover\u00bb background_color=\u00bb#ffffff\u00bb use_bg_overlay=\u00bboff\u00bb use_text_overlay=\u00bboff\u00bb alignment=\u00bbcenter\u00bb background_layout=\u00bbdark\u00bb allow_player_pause=\u00bboff\u00bb text_border_radius=\u00bb3&#8243; header_font_select=\u00bbdefault\u00bb header_font=\u00bb||||\u00bb body_font_select=\u00bbdefault\u00bb body_font=\u00bb||||\u00bb custom_button=\u00bboff\u00bb button_font_select=\u00bbdefault\u00bb button_font=\u00bb||||\u00bb button_use_icon=\u00bbdefault\u00bb button_icon_placement=\u00bbright\u00bb button_on_hover=\u00bbon\u00bb admin_title=\u00bbNaranjas\u00bb] [\/et_pb_slide]<\/p>\n<p>[\/et_pb_fullwidth_slider][\/et_pb_section][et_pb_section bb_built=\u00bb1&#8243; fullwidth=\u00bboff\u00bb specialty=\u00bboff\u00bb][et_pb_row background_position=\u00bbtop_left\u00bb background_repeat=\u00bbrepeat\u00bb background_size=\u00bbinitial\u00bb][et_pb_column type=\u00bb4_4&#8243;][et_pb_text background_layout=\u00bblight\u00bb text_orientation=\u00bbleft\u00bb use_border_color=\u00bboff\u00bb border_color=\u00bb#ffffff\u00bb border_style=\u00bbsolid\u00bb background_position=\u00bbtop_left\u00bb background_repeat=\u00bbrepeat\u00bb background_size=\u00bbinitial\u00bb _builder_version=\u00bb3.0.71&#8243;]<\/p>\n<h1 class=\"et_pb_contact_main_title\">Qui\u00e9nes Somos<\/h1>\n<p>[\/et_pb_text][et_pb_text background_layout=\u00bblight\u00bb text_orientation=\u00bbjustified\u00bb border_style=\u00bbsolid\u00bb background_position=\u00bbtop_left\u00bb background_repeat=\u00bbrepeat\u00bb background_size=\u00bbinitial\u00bb _builder_version=\u00bb3.0.73&#8243;]<\/p>\n<p>Somos un grupo de <strong>productores\/exportadores de fruta ubicados en las zonas m\u00e1s importantes de c\u00edtricos de Espa\u00f1a<\/strong>, siendo nuestra principal \u00e1rea de producci\u00f3n Andaluc\u00eda.<\/p>\n<p>Como grupo, producimos una amplia gama de c\u00edtricos: naranjas, limones y pomelos. Adem\u00e1s en nuestro grupo producimos y exportamos melocot\u00f3n, nectarina, ciruela, paraguayo, sand\u00eda y melones en la temporada de verano.<\/p>\n<p><strong>Nuestro objetivo como grupo es ofrecer la gama m\u00e1s amplia posible de c\u00edtricos sin afectar a los altos est\u00e1ndares de calidad que los clientes requieren.<\/strong> Uniendo nuestros esfuerzos y nuestras producciones somos capaces de ofrecer un volumen considerable de productos que es especialmente importante para clientes que esperan altos niveles de servicio.<\/p>\n<p><strong>Trabajamos con algunos de los m\u00e1s grandes supermercados de los Pa\u00edses Bajos, B\u00e9lgica, Francia y Alemania. Lo que nos da una gran experiencia en la entrega a supermercados.<\/strong><\/p>\n<p><strong>En AGP nos centramos en el servicio al cliente<\/strong>, tanto antes como despu\u00e9s del proceso de compra, con el fin de mejorar la atenci\u00f3n y necesidades globales de los clientes.<\/p>\n<p>[\/et_pb_text][\/et_pb_column][\/et_pb_row][\/et_pb_section]<\/p>\n","protected":false},"excerpt":{"rendered":"<p>Qui\u00e9nes Somos Somos un grupo de productores\/exportadores de fruta ubicados en las zonas m\u00e1s importantes de c\u00edtricos de Espa\u00f1a, siendo nuestra principal \u00e1rea de producci\u00f3n Andaluc\u00eda. Como grupo, producimos una amplia gama de c\u00edtricos: naranjas, limones y pomelos. Adem\u00e1s en nuestro grupo producimos y exportamos melocot\u00f3n, nectarina, ciruela, paraguayo, sand\u00eda y melones en la temporada [&hellip;]<\/p>\n","protected":false},"author":1,"featured_media":0,"parent":0,"menu_order":0,"comment_status":"closed","ping_status":"closed","template":"","meta":{"_et_pb_use_builder":"on","_et_pb_old_content":"","_et_gb_content_width":""},"_links":{"self":[{"href":"http:\/\/www.andalusgp.com\/es\/wp-json\/wp\/v2\/pages\/111"}],"collection":[{"href":"http:\/\/www.andalusgp.com\/es\/wp-json\/wp\/v2\/pages"}],"about":[{"href":"http:\/\/www.andalusgp.com\/es\/wp-json\/wp\/v2\/types\/page"}],"author":[{"embeddable":true,"href":"http:\/\/www.andalusgp.com\/es\/wp-json\/wp\/v2\/users\/1"}],"replies":[{"embeddable":true,"href":"http:\/\/www.andalusgp.com\/es\/wp-json\/wp\/v2\/comments?post=111"}],"version-history":[{"count":5,"href":"http:\/\/www.andalusgp.com\/es\/wp-json\/wp\/v2\/pages\/111\/revisions"}],"predecessor-version":[{"id":234,"href":"http:\/\/www.andalusgp.com\/es\/wp-json\/wp\/v2\/pages\/111\/revisions\/234"}],"wp:attachment":[{"href":"http:\/\/www.andalusgp.com\/es\/wp-json\/wp\/v2\/media?parent=111"}],"curies":[{"name":"wp","href":"https:\/\/api.w.org\/{rel}","templated":true}]}}